{"id":13,"date":"2015-02-01T22:35:41","date_gmt":"2015-02-01T22:35:41","guid":{"rendered":"http:\/\/tonischwarz.de\/herzlalm\/?page_id=13"},"modified":"2015-05-06T05:42:51","modified_gmt":"2015-05-06T05:42:51","slug":"was-ist-die-herzl-alm","status":"publish","type":"page","link":"https:\/\/herzl-alm.de\/event-location\/","title":{"rendered":"Herzlich Willkommen in der Herz&#8217;l Alm"},"content":{"rendered":"<p><a href=\"http:\/\/tonischwarz.de\/herzlalm\/wp-content\/uploads\/2015\/02\/IMG_8644.jpg\"><img loading=\"lazy\" class=\"alignleft wp-image-156\" src=\"http:\/\/tonischwarz.de\/herzlalm\/wp-content\/uploads\/2015\/02\/IMG_8644-300x200.jpg\" alt=\"IMG_8644\" width=\"400\" height=\"267\" srcset=\"https:\/\/herzl-alm.de\/event-location\/wp-content\/uploads\/2015\/02\/IMG_8644-300x200.jpg 300w, https:\/\/herzl-alm.de\/event-location\/wp-content\/uploads\/2015\/02\/IMG_8644-1024x682.jpg 1024w, https:\/\/herzl-alm.de\/event-location\/wp-content\/uploads\/2015\/02\/IMG_8644-860x573.jpg 860w, https:\/\/herzl-alm.de\/event-location\/wp-content\/uploads\/2015\/02\/IMG_8644.jpg 1280w\" sizes=\"(max-width: 400px) 100vw, 400px\" \/><\/a><a href=\"http:\/\/tonischwarz.de\/herzlalm\/wp-content\/uploads\/2015\/02\/IMG_8464.jpg\"><img loading=\"lazy\" class=\"  wp-image-135 alignright\" src=\"http:\/\/tonischwarz.de\/herzlalm\/wp-content\/uploads\/2015\/02\/IMG_8464-200x300.jpg\" alt=\"IMG_8464\" width=\"291\" height=\"437\" srcset=\"https:\/\/herzl-alm.de\/event-location\/wp-content\/uploads\/2015\/02\/IMG_8464-200x300.jpg 200w, https:\/\/herzl-alm.de\/event-location\/wp-content\/uploads\/2015\/02\/IMG_8464.jpg 682w\" sizes=\"(max-width: 291px) 100vw, 291px\" \/><\/a><br \/>Kaum einen Kilometer au\u00dferhalb von Holzelfingen empf\u00e4ngt euch die Herz&#8217;l Alm malerisch gelegen am Waldesrand zwischen B\u00e4umen und Blumenwiese.<\/p>\n<p>Die Skih\u00fctte verk\u00f6stigt bei Skibetrieb von November bis M\u00e4rz Wintersportler aus Nah und Fern und unterh\u00e4lt die G\u00e4ste mit allerlei Events wie H\u00fcttenabenden, Fr\u00fchschoppen und Parties.<\/p>\n<p>In den\u00a0Sommermonaten kann die\u00a0Herz&#8217;l Alm f\u00fcr private oder gesch\u00e4ftliche Feiern gebucht werden. Events in der\u00a0gem\u00fctlichen\u00a0Atmosph\u00e4re der Herz&#8217;l Alm sind sehr beliebt und unvergesslich.<\/p>\n\n\t\t\t<div id='gallery-13-1' class='gallery gallery-13'>\n\t\t\t\t<div class='gallery-row gallery-col-5 gallery-clear'>\n\t\t\t\t\t<figure class='gallery-item col-5'>\n\t\t\t\t\t\t<div class='gallery-icon '><a href='https:\/\/herzl-alm.de\/event-location\/wp-content\/uploads\/2015\/02\/IMG_9622_stitch.jpg'><img width=\"150\" height=\"150\" src=\"https:\/\/herzl-alm.de\/event-location\/wp-content\/uploads\/2015\/02\/IMG_9622_stitch-150x150.jpg\" class=\"attachment-thumbnail size-thumbnail\" alt=\"\" loading=\"lazy\" srcset=\"https:\/\/herzl-alm.de\/event-location\/wp-content\/uploads\/2015\/02\/IMG_9622_stitch-150x150.jpg 150w, https:\/\/herzl-alm.de\/event-location\/wp-content\/uploads\/2015\/02\/IMG_9622_stitch-330x330.jpg 330w\" sizes=\"(max-width: 150px) 100vw, 150px\" \/><\/a><\/div>\n\t\t\t\t\t<\/figure>\n\t\t\t\t\t<figure class='gallery-item col-5'>\n\t\t\t\t\t\t<div class='gallery-icon '><a href='https:\/\/herzl-alm.de\/event-location\/wp-content\/uploads\/2015\/02\/IMG_9611.jpg'><img width=\"150\" height=\"150\" src=\"https:\/\/herzl-alm.de\/event-location\/wp-content\/uploads\/2015\/02\/IMG_9611-150x150.jpg\" class=\"attachment-thumbnail size-thumbnail\" alt=\"\" loading=\"lazy\" srcset=\"https:\/\/herzl-alm.de\/event-location\/wp-content\/uploads\/2015\/02\/IMG_9611-150x150.jpg 150w, https:\/\/herzl-alm.de\/event-location\/wp-content\/uploads\/2015\/02\/IMG_9611-330x330.jpg 330w\" sizes=\"(max-width: 150px) 100vw, 150px\" \/><\/a><\/div>\n\t\t\t\t\t<\/figure>\n\t\t\t\t\t<figure class='gallery-item col-5'>\n\t\t\t\t\t\t<div class='gallery-icon '><a href='https:\/\/herzl-alm.de\/event-location\/wp-content\/uploads\/2015\/02\/IMG_9600.jpg'><img width=\"150\" height=\"150\" src=\"https:\/\/herzl-alm.de\/event-location\/wp-content\/uploads\/2015\/02\/IMG_9600-150x150.jpg\" class=\"attachment-thumbnail size-thumbnail\" alt=\"\" loading=\"lazy\" srcset=\"https:\/\/herzl-alm.de\/event-location\/wp-content\/uploads\/2015\/02\/IMG_9600-150x150.jpg 150w, https:\/\/herzl-alm.de\/event-location\/wp-content\/uploads\/2015\/02\/IMG_9600-330x330.jpg 330w\" sizes=\"(max-width: 150px) 100vw, 150px\" \/><\/a><\/div>\n\t\t\t\t\t<\/figure>\n\t\t\t\t\t<figure class='gallery-item col-5'>\n\t\t\t\t\t\t<div class='gallery-icon '><a href='https:\/\/herzl-alm.de\/event-location\/wp-content\/uploads\/2015\/02\/IMG_9589.jpg'><img width=\"150\" height=\"150\" src=\"https:\/\/herzl-alm.de\/event-location\/wp-content\/uploads\/2015\/02\/IMG_9589-150x150.jpg\" class=\"attachment-thumbnail size-thumbnail\" alt=\"\" loading=\"lazy\" srcset=\"https:\/\/herzl-alm.de\/event-location\/wp-content\/uploads\/2015\/02\/IMG_9589-150x150.jpg 150w, https:\/\/herzl-alm.de\/event-location\/wp-content\/uploads\/2015\/02\/IMG_9589-330x330.jpg 330w\" sizes=\"(max-width: 150px) 100vw, 150px\" \/><\/a><\/div>\n\t\t\t\t\t<\/figure>\n\t\t\t\t\t<figure class='gallery-item col-5'>\n\t\t\t\t\t\t<div class='gallery-icon '><a href='https:\/\/herzl-alm.de\/event-location\/wp-content\/uploads\/2015\/02\/IMG_9701.jpg'><img width=\"150\" height=\"150\" src=\"https:\/\/herzl-alm.de\/event-location\/wp-content\/uploads\/2015\/02\/IMG_9701-150x150.jpg\" class=\"attachment-thumbnail size-thumbnail\" alt=\"\" loading=\"lazy\" srcset=\"https:\/\/herzl-alm.de\/event-location\/wp-content\/uploads\/2015\/02\/IMG_9701-150x150.jpg 150w, https:\/\/herzl-alm.de\/event-location\/wp-content\/uploads\/2015\/02\/IMG_9701-330x330.jpg 330w\" sizes=\"(max-width: 150px) 100vw, 150px\" \/><\/a><\/div>\n\t\t\t\t\t<\/figure>\n\t\t\t\t<\/div>\n\t\t\t\t<div class='gallery-row gallery-col-5 gallery-clear'>\n\t\t\t\t\t<figure class='gallery-item col-5'>\n\t\t\t\t\t\t<div class='gallery-icon '><a href='https:\/\/herzl-alm.de\/event-location\/wp-content\/uploads\/2015\/02\/IMG_9713.jpg'><img width=\"150\" height=\"150\" src=\"https:\/\/herzl-alm.de\/event-location\/wp-content\/uploads\/2015\/02\/IMG_9713-150x150.jpg\" class=\"attachment-thumbnail size-thumbnail\" alt=\"\" loading=\"lazy\" srcset=\"https:\/\/herzl-alm.de\/event-location\/wp-content\/uploads\/2015\/02\/IMG_9713-150x150.jpg 150w, https:\/\/herzl-alm.de\/event-location\/wp-content\/uploads\/2015\/02\/IMG_9713-330x330.jpg 330w\" sizes=\"(max-width: 150px) 100vw, 150px\" \/><\/a><\/div>\n\t\t\t\t\t<\/figure>\n\t\t\t\t\t<figure class='gallery-item col-5'>\n\t\t\t\t\t\t<div class='gallery-icon '><a href='https:\/\/herzl-alm.de\/event-location\/wp-content\/uploads\/2015\/02\/IMG_9721.jpg'><img width=\"150\" height=\"150\" src=\"https:\/\/herzl-alm.de\/event-location\/wp-content\/uploads\/2015\/02\/IMG_9721-150x150.jpg\" class=\"attachment-thumbnail size-thumbnail\" alt=\"\" loading=\"lazy\" srcset=\"https:\/\/herzl-alm.de\/event-location\/wp-content\/uploads\/2015\/02\/IMG_9721-150x150.jpg 150w, https:\/\/herzl-alm.de\/event-location\/wp-content\/uploads\/2015\/02\/IMG_9721-330x330.jpg 330w\" sizes=\"(max-width: 150px) 100vw, 150px\" \/><\/a><\/div>\n\t\t\t\t\t<\/figure>\n\t\t\t\t\t<figure class='gallery-item col-5'>\n\t\t\t\t\t\t<div class='gallery-icon '><a href='https:\/\/herzl-alm.de\/event-location\/wp-content\/uploads\/2015\/02\/IMG_9697.jpg'><img width=\"150\" height=\"150\" src=\"https:\/\/herzl-alm.de\/event-location\/wp-content\/uploads\/2015\/02\/IMG_9697-150x150.jpg\" class=\"attachment-thumbnail size-thumbnail\" alt=\"\" loading=\"lazy\" srcset=\"https:\/\/herzl-alm.de\/event-location\/wp-content\/uploads\/2015\/02\/IMG_9697-150x150.jpg 150w, https:\/\/herzl-alm.de\/event-location\/wp-content\/uploads\/2015\/02\/IMG_9697-330x330.jpg 330w\" sizes=\"(max-width: 150px) 100vw, 150px\" \/><\/a><\/div>\n\t\t\t\t\t<\/figure>\n\t\t\t\t\t<figure class='gallery-item col-5'>\n\t\t\t\t\t\t<div class='gallery-icon '><a href='https:\/\/herzl-alm.de\/event-location\/wp-content\/uploads\/2015\/02\/IMG_9695.jpg'><img width=\"150\" height=\"150\" src=\"https:\/\/herzl-alm.de\/event-location\/wp-content\/uploads\/2015\/02\/IMG_9695-150x150.jpg\" class=\"attachment-thumbnail size-thumbnail\" alt=\"\" loading=\"lazy\" srcset=\"https:\/\/herzl-alm.de\/event-location\/wp-content\/uploads\/2015\/02\/IMG_9695-150x150.jpg 150w, https:\/\/herzl-alm.de\/event-location\/wp-content\/uploads\/2015\/02\/IMG_9695-330x330.jpg 330w\" sizes=\"(max-width: 150px) 100vw, 150px\" \/><\/a><\/div>\n\t\t\t\t\t<\/figure>\n\t\t\t\t\t<figure class='gallery-item col-5'>\n\t\t\t\t\t\t<div class='gallery-icon '><a href='https:\/\/herzl-alm.de\/event-location\/wp-content\/uploads\/2015\/02\/IMG_9670.jpg'><img width=\"150\" height=\"150\" src=\"https:\/\/herzl-alm.de\/event-location\/wp-content\/uploads\/2015\/02\/IMG_9670-150x150.jpg\" class=\"attachment-thumbnail size-thumbnail\" alt=\"\" loading=\"lazy\" srcset=\"https:\/\/herzl-alm.de\/event-location\/wp-content\/uploads\/2015\/02\/IMG_9670-150x150.jpg 150w, https:\/\/herzl-alm.de\/event-location\/wp-content\/uploads\/2015\/02\/IMG_9670-330x330.jpg 330w\" sizes=\"(max-width: 150px) 100vw, 150px\" \/><\/a><\/div>\n\t\t\t\t\t<\/figure>\n\t\t\t\t<\/div>\n\t\t\t\t<div class='gallery-row gallery-col-5 gallery-clear'>\n\t\t\t\t\t<figure class='gallery-item col-5'>\n\t\t\t\t\t\t<div class='gallery-icon '><a href='https:\/\/herzl-alm.de\/event-location\/wp-content\/uploads\/2015\/02\/IMG_9655.jpg'><img width=\"150\" height=\"150\" src=\"https:\/\/herzl-alm.de\/event-location\/wp-content\/uploads\/2015\/02\/IMG_9655-150x150.jpg\" class=\"attachment-thumbnail size-thumbnail\" alt=\"\" loading=\"lazy\" srcset=\"https:\/\/herzl-alm.de\/event-location\/wp-content\/uploads\/2015\/02\/IMG_9655-150x150.jpg 150w, https:\/\/herzl-alm.de\/event-location\/wp-content\/uploads\/2015\/02\/IMG_9655-330x330.jpg 330w\" sizes=\"(max-width: 150px) 100vw, 150px\" \/><\/a><\/div>\n\t\t\t\t\t<\/figure>\n\t\t\t\t\t<figure class='gallery-item col-5'>\n\t\t\t\t\t\t<div class='gallery-icon '><a href='https:\/\/herzl-alm.de\/event-location\/wp-content\/uploads\/2015\/02\/IMG_9658.jpg'><img width=\"150\" height=\"150\" src=\"https:\/\/herzl-alm.de\/event-location\/wp-content\/uploads\/2015\/02\/IMG_9658-150x150.jpg\" class=\"attachment-thumbnail size-thumbnail\" alt=\"\" loading=\"lazy\" srcset=\"https:\/\/herzl-alm.de\/event-location\/wp-content\/uploads\/2015\/02\/IMG_9658-150x150.jpg 150w, https:\/\/herzl-alm.de\/event-location\/wp-content\/uploads\/2015\/02\/IMG_9658-330x330.jpg 330w\" sizes=\"(max-width: 150px) 100vw, 150px\" \/><\/a><\/div>\n\t\t\t\t\t<\/figure>\n\t\t\t\t\t<figure class='gallery-item col-5'>\n\t\t\t\t\t\t<div class='gallery-icon '><a href='https:\/\/herzl-alm.de\/event-location\/wp-content\/uploads\/2015\/02\/IMG_9661.jpg'><img width=\"150\" height=\"150\" src=\"https:\/\/herzl-alm.de\/event-location\/wp-content\/uploads\/2015\/02\/IMG_9661-150x150.jpg\" class=\"attachment-thumbnail size-thumbnail\" alt=\"\" loading=\"lazy\" srcset=\"https:\/\/herzl-alm.de\/event-location\/wp-content\/uploads\/2015\/02\/IMG_9661-150x150.jpg 150w, https:\/\/herzl-alm.de\/event-location\/wp-content\/uploads\/2015\/02\/IMG_9661-330x330.jpg 330w\" sizes=\"(max-width: 150px) 100vw, 150px\" \/><\/a><\/div>\n\t\t\t\t\t<\/figure>\n\t\t\t<\/div>\n\t\t\t<\/div><!-- .gallery -->\n\n","protected":false},"excerpt":{"rendered":"<p>Kaum einen Kilometer au\u00dferhalb von Holzelfingen empf\u00e4ngt euch die Herz&#8217;l Alm malerisch gelegen am Waldesrand zwischen B\u00e4umen und Blumenwiese. Die Skih\u00fctte verk\u00f6stigt bei Skibetrieb von November bis M\u00e4rz Wintersportler aus Nah und Fern und unterh\u00e4lt die G\u00e4ste mit allerlei Events wie H\u00fcttenabenden, Fr\u00fchschoppen und Parties. In den\u00a0Sommermonaten kann die\u00a0Herz&#8217;l Alm f\u00fcr private oder gesch\u00e4ftliche Feiern&#8230;<\/p>\n","protected":false},"author":1,"featured_media":0,"parent":0,"menu_order":0,"comment_status":"closed","ping_status":"closed","template":"page-templates\/front-page.php","meta":[],"_links":{"self":[{"href":"https:\/\/herzl-alm.de\/event-location\/wp-json\/wp\/v2\/pages\/13"}],"collection":[{"href":"https:\/\/herzl-alm.de\/event-location\/wp-json\/wp\/v2\/pages"}],"about":[{"href":"https:\/\/herzl-alm.de\/event-location\/wp-json\/wp\/v2\/types\/page"}],"author":[{"embeddable":true,"href":"https:\/\/herzl-alm.de\/event-location\/wp-json\/wp\/v2\/users\/1"}],"replies":[{"embeddable":true,"href":"https:\/\/herzl-alm.de\/event-location\/wp-json\/wp\/v2\/comments?post=13"}],"version-history":[{"count":10,"href":"https:\/\/herzl-alm.de\/event-location\/wp-json\/wp\/v2\/pages\/13\/revisions"}],"predecessor-version":[{"id":218,"href":"https:\/\/herzl-alm.de\/event-location\/wp-json\/wp\/v2\/pages\/13\/revisions\/218"}],"wp:attachment":[{"href":"https:\/\/herzl-alm.de\/event-location\/wp-json\/wp\/v2\/media?parent=13"}],"curies":[{"name":"wp","href":"https:\/\/api.w.org\/{rel}","templated":true}]}}