{"id":31,"date":"2015-02-01T22:42:56","date_gmt":"2015-02-01T22:42:56","guid":{"rendered":"http:\/\/tonischwarz.de\/herzlalm\/?page_id=31"},"modified":"2023-10-11T06:37:34","modified_gmt":"2023-10-11T06:37:34","slug":"impressum","status":"publish","type":"page","link":"https:\/\/herzl-alm.de\/event-location\/impressum\/","title":{"rendered":"Impressum"},"content":{"rendered":"<p class=\"entry-title\"><!-- .entry-header --><strong>Salach Gbr.<\/strong><br \/>\nB\u00fcroanschrift: R\u00f6merstr. 18<br \/>\n72805 Lichtenstein<br \/>\n<a href=\"http:\/\/www.wintersport-arena.com\/\"><span style=\"color: #75c5f0;\">www.herzl-alm.de\/event-location<\/span><\/a><br \/>\n<a href=\"mailto:info@herzl-alm.de\/event-location\">info@herzl-alm.de\/event-location<\/a><\/p>\n<p class=\"entry-title\"><strong>Herzl-Alm\u00a0\u00a0 <\/strong>Tel.: 0 71 29 \/ 55 22<\/p>\n<h4>Verantwortlich f\u00fcr den Inhalt<\/h4>\n<p>Salach Gbr., Jochen Gekeler, USt-IdNr.: DE 258169331<\/p>\n<p>Die Salach Gbr. ist bem\u00fcht, die Informationen und Daten auf ihrer Website fehlerfrei und st\u00e4ndig aktuell zu halten. Eine Haftung oder Garantie f\u00fcr die Aktualit\u00e4t, Richtigkeit und Vollst\u00e4ndigkeit der Inhalte und der zur Verf\u00fcgung gestellten Informationen ist jedoch ausgeschlossen. Aus den Inhalten der Internetseiten ergeben sich keinerlei Rechtsanspr\u00fcche. Fehler im Inhalt werden bei Kenntnis dar\u00fcber unverz\u00fcglich korrigiert.<\/p>\n<h4><strong>Herunterladen von Daten und Software<\/strong><\/h4>\n<p>Die Salach Gbr. \u00fcbernimmt keine Gew\u00e4hr f\u00fcr die Fehlerfreiheit von Daten und Software, die von diesen Internetseiten heruntergeladen werden k\u00f6nnen. Die Software wird von der Salach Gbr. nicht auf Virenbefall \u00fcberpr\u00fcft. Wir empfehlen, Daten und Software nach dem Herunterladen auf Virenbefall mit jeweils neuster Virensuchsoftware zu pr\u00fcfen.<\/p>\n<h4><strong>Urheberrechte und sonstige Sonderschutzrechte<\/strong><\/h4>\n<p>Die Inhalte dieser Internetseiten sind urheberrechtlich gesch\u00fctzt. Es darf eine Kopie der Informationen der Internetseiten auf einem einzigen Computer f\u00fcr den nicht-kommerziellen und pers\u00f6nlichen internen Gebrauch gespeichert werden. Grafiken, Texte, Logos, Bilder usw. d\u00fcrfen nur nach schriftlicher Genehmigung durch die Salach Gbr. (zum Kontaktformular) heruntergeladen, vervielf\u00e4ltigt, kopiert, ge\u00e4ndert, ver\u00f6ffentlicht, versendet, \u00fcbertragen oder in sonstiger Form genutzt werden. Bei genannten Produkt- und Firmennamen kann es sich um eingetragene Warenzeichen oder Marken handeln. Die unberechtigte Verwendung kann zu Schadensersatzanspr\u00fcchen und Unterlassungsanspr\u00fcchen f\u00fchren.<\/p>\n<h4><strong>Schutz pers\u00f6nlicher Daten und Vertraulichkeit<\/strong><\/h4>\n<p>Es kann nicht garantiert werden, dass Informationen oder pers\u00f6nliche Daten,\u00a0die uns \u00fcbermittelt werden, bei der \u00dcbermittlung nicht von Dritten \u201cabgeh\u00f6rt\u201d werden.<\/p>\n<h4><strong>Haftung<\/strong><\/h4>\n<p>Die Salach Gbr. haftet nicht f\u00fcr Sch\u00e4den. Insbesondere nicht f\u00fcr unmittelbare oder mittelbare Folgesch\u00e4den, Datenverlust, entgangenen Gewinn, System- oder Produktionsausf\u00e4lle, die durch die Nutzung dieser Internetseiten oder das Herunterladen von Daten entstehen.<\/p>\n<h4><strong>Erl\u00e4uterungen zum Datenschutz<\/strong><\/h4>\n<p>Sie k\u00f6nnen im Regelfall alle Internetseiten der Salach Gbr. aufrufen ohne Angaben \u00fcber Ihre Person zu machen. Werden im Einzelfall Ihr Name, Ihre Anschrift oder sonstige pers\u00f6nliche Daten ben\u00f6tigt, so werden Sie zuvor darauf hingewiesen.<br \/>\nDurch die Aufrufe der Internetseite erh\u00e4lt die Salach Gbr. Nutzungsdaten, die f\u00fcr Sicherungszwecke gespeichert werden und m\u00f6glicherweise eine Identifizierungzulassen (zum Beispiel IP-Adresse, Datum, Uhrzeit und betrachtete Seiten). Diese Daten werden von der Salach Gbr. ausgewertet, um das Nutzerverhalten kennen zu lernen und Statistiken aufzustellen. Dabei werden bei allen Ma\u00dfnahmen die hohen Sicherheitsstandards des Teledienstedatenschutzgesetzes (TDDSG) und der Datenschutzverordnung f\u00fcr Telekommunikationsunternehmen (TDSV) beachtet. Es findet keine personenbezogene Verwertung statt. Die statistische Auswertung anonymisierter Datens\u00e4tze bleibt vorbehalten.<br \/>\nWeitere Informationen zum Thema Datenschutz in der Bundesrepublik Deutschland finden Sie hier: www.bfd.bund.de<\/p>\n<h4><strong>Weitergabe personenbezogener Informationen an Dritte<\/strong><\/h4>\n<p>Sollten im Rahmen der Auftragsdatenverarbeitung Daten an Dienstleister weitergegeben werden, so sind diese an das BDSG, andere gesetzliche Vorschriften und vertraglich an die Privacy Policy der Salach Gbr. gebunden. Soweit die Salach Gbr. gesetzlich oder per Gerichtsbeschluss dazu verpflichtet ist, wird sie Ihre Daten im geforderten Umfang an auskunftsberechtigte Stellen \u00fcbermitteln.<\/p>\n<h4><strong>Sicherheit<\/strong><\/h4>\n<p>Die Salach Gbr. speichert Ihre Daten auf besonders gesch\u00fctzten Servern in Deutschland. Der Zugriff darauf ist nur wenigen, von der Salach Gbr., befugten Personen m\u00f6glich, die mit der technischen, kaufm\u00e4nnischen oder redaktionellen Betreuung dieser Server befasst sind.<\/p>\n<h4><strong>Recht auf Widerruf<\/strong><\/h4>\n<p>Wenn Sie die Salach Gbr. auffordern, Ihre personenbezogenen Daten nicht f\u00fcr die weitere Kontaktaufnahme zu verwenden und\/oder zu l\u00f6schen, so wird entsprechend verfahren. Daten, die f\u00fcr eine Auftragsabwicklung bzw. zu kaufm\u00e4nnischen Zwecken zwingend erforderlich sind, sind von einer K\u00fcndigung beziehungsweise von einer L\u00f6schung nicht ber\u00fchrt.<\/p>\n<h4><strong>Einsatz von Cookies<\/strong><\/h4>\n<p>In Cookies werden w\u00e4hrend einer Onlinesitzung Textinformationen gesammelt und in einer speziellen Datei im ASCII-Format (cookie.txt) auf der Festplatte des Benutzers abgelegt. Wohin der Cookie beim Anwender gespeichert wird, kontrolliert der WWW-Browser des Anwenders. Cookies sind Informationen, die bei dem n\u00e4chsten Onlinebesuch an den Server zur\u00fcckgesandt werden. Sie k\u00f6nnen jeweils nur von dem Server, der sie vorher auch abgelegt hat, gelesen werden.<br \/>\nDie Salach Gbr. setzt Cookies nur dann ein, wenn sie f\u00fcr Benutzerfunktionen dringend erforderlich sind bzw. die Navigation der Webseiten erleichtern. Die Informationen werden keinem Dritten zur Verf\u00fcgung gestellt, da Cookies nur f\u00fcr die o.g. Zwecke verwendet werden.<br \/>\nDie meisten Browser sind so eingestellt, dass sie Cookies automatisch akzeptieren. Diese Funktion kann jedoch jederzeit im Browser deaktiviert werden. Sie k\u00f6nnen Ihren Browser so einstellen, dass er Sie benachrichtigt, sobald Cookies gesendet werden.<\/p>\n<h4><strong>Links zu anderen Webseiten<\/strong><\/h4>\n<p>Die Webseiten der Salach Gbr. enthalten gegebenenfalls Links zu anderen Webseiten.<br \/>\nMit Urteil vom 12. Mai 1998 \u2013 312 O 85\/98 \u2013 \u201cHaftung f\u00fcr Links\u201d hat das Landgericht (LG) Hamburg entschieden, dass man durch die Erstellung eines Links die Inhalte der gelinkten Seite ggf. mit zu verantworten hat. Dieses kann \u2013 so das Gericht \u2013 nur dadurch verhindert werden, dass man sich ausdr\u00fccklich von diesen Inhalten distanziert. Da wir mehrere Links auf verschiedene andere Angebote haben, betonen wir, dass wir keinen Einfluss auf die Gestaltung und die Inhalte der gelinkten Seiten haben. Wir distanzieren uns ausdr\u00fccklich von allen Inhalten aller gelinkten Seiten und machen uns die Inhalte der gelinkten Seiten nicht zu eigen. Diese Erkl\u00e4rung gilt f\u00fcr alle verf\u00fcgbaren Links auf dieser Webseite.<\/p>\n<h4><strong>Werbung<\/strong><\/h4>\n<p>Die Webseiten der Salach Gbr. enthalten im Regelfall keine Werbefl\u00e4chen. Im gegenteiligen Fall erfolgt die Auslieferung der Werbung \u00fcber externe AdServer. Die im Zusammenhang mit Onlinewerbung erfassten Daten (AdImpressions, AdKlicks) dienen ausschlie\u00dflich der statistischen Auswertung und zur Erstellung von Reportings an Werbekunden. Dabei werden keine personenbezogenen Daten verwendet.<br \/>\nBei der Auslieferung von Werbung k\u00f6nnen m\u00f6glicherweise Cookies zum Einsatz kommen, ohne dass die Salach Gbr. hierauf Einfluss hat.<\/p>\n","protected":false},"excerpt":{"rendered":"<p>Salach Gbr. B\u00fcroanschrift: R\u00f6merstr. 18 72805 Lichtenstein www.herzl-alm.de\/event-location info@herzl-alm.de\/event-location Herzl-Alm\u00a0\u00a0 Tel.: 0 71 29 \/ 55 22 Verantwortlich f\u00fcr den Inhalt Salach Gbr., Jochen Gekeler, USt-IdNr.: DE 258169331 Die Salach Gbr. ist bem\u00fcht, die Informationen und Daten auf ihrer Website fehlerfrei und st\u00e4ndig aktuell zu halten. Eine Haftung oder Garantie f\u00fcr die Aktualit\u00e4t, Richtigkeit und&#8230;<\/p>\n","protected":false},"author":1,"featured_media":0,"parent":0,"menu_order":0,"comment_status":"closed","ping_status":"closed","template":"page-templates\/front-page.php","meta":[],"_links":{"self":[{"href":"https:\/\/herzl-alm.de\/event-location\/wp-json\/wp\/v2\/pages\/31"}],"collection":[{"href":"https:\/\/herzl-alm.de\/event-location\/wp-json\/wp\/v2\/pages"}],"about":[{"href":"https:\/\/herzl-alm.de\/event-location\/wp-json\/wp\/v2\/types\/page"}],"author":[{"embeddable":true,"href":"https:\/\/herzl-alm.de\/event-location\/wp-json\/wp\/v2\/users\/1"}],"replies":[{"embeddable":true,"href":"https:\/\/herzl-alm.de\/event-location\/wp-json\/wp\/v2\/comments?post=31"}],"version-history":[{"count":12,"href":"https:\/\/herzl-alm.de\/event-location\/wp-json\/wp\/v2\/pages\/31\/revisions"}],"predecessor-version":[{"id":349,"href":"https:\/\/herzl-alm.de\/event-location\/wp-json\/wp\/v2\/pages\/31\/revisions\/349"}],"wp:attachment":[{"href":"https:\/\/herzl-alm.de\/event-location\/wp-json\/wp\/v2\/media?parent=31"}],"curies":[{"name":"wp","href":"https:\/\/api.w.org\/{rel}","templated":true}]}}